{"id":2160,"date":"2023-08-14T09:37:01","date_gmt":"2023-08-14T02:37:01","guid":{"rendered":"https:\/\/helen.la-studioweb.com\/?page_id=2"},"modified":"2025-12-02T16:03:05","modified_gmt":"2025-12-02T22:03:05","slug":"inicio","status":"publish","type":"page","link":"https:\/\/www.kulkana.mx\/en\/","title":{"rendered":"Inicio"},"content":{"rendered":"<div data-elementor-type=\"wp-page\" data-elementor-id=\"2160\" class=\"elementor elementor-2160\" data-elementor-post-type=\"page\">\n\t\t\t\t<div class=\"elementor-element elementor-element-d0033e6 e-flex e-con-boxed lakit-col-width-auto-no e-container e-root-container elementor-top-section e-con e-parent\" data-id=\"d0033e6\" data-element_type=\"container\" data-settings=\"{&quot;background_background&quot;:&quot;classic&quot;}\">\n\t\t\t\t\t<div class=\"e-con-inner\">\n\t\t\t\t<div class=\"elementor-element elementor-element-b696581 elementor-widget elementor-widget-image\" data-id=\"b696581\" data-element_type=\"widget\" data-widget_type=\"image.default\">\n\t\t\t\t<div class=\"elementor-widget-container\">\n\t\t\t\t\t\t\t\t\t\t\t\t\t\t\t<img decoding=\"async\" width=\"258\" height=\"125\" src=\"https:\/\/www.kulkana.mx\/wp-content\/uploads\/2024\/12\/logo-blanco.png\" class=\"attachment-full size-full wp-image-2417\" alt=\"\" \/>\t\t\t\t\t\t\t\t\t\t\t\t\t\t\t<\/div>\n\t\t\t\t<\/div>\n\t\t\t\t<div class=\"elementor-element elementor-element-c1a02e8 elementor-hidden-mobile_extra elementor-hidden-mobile elementor-widget elementor-widget-spacer\" data-id=\"c1a02e8\" data-element_type=\"widget\" data-widget_type=\"spacer.default\">\n\t\t\t\t<div class=\"elementor-widget-container\">\n\t\t\t\t\t\t\t<div class=\"elementor-spacer\">\n\t\t\t<div class=\"elementor-spacer-inner\"><\/div>\n\t\t<\/div>\n\t\t\t\t\t\t<\/div>\n\t\t\t\t<\/div>\n\t\t\t\t<div class=\"elementor-element elementor-element-a1b85a6 elementor-widget elementor-widget-heading\" data-id=\"a1b85a6\" data-element_type=\"widget\" data-widget_type=\"heading.default\">\n\t\t\t\t<div class=\"elementor-widget-container\">\n\t\t\t\t\t<h1 class=\"elementor-heading-title elementor-size-default\">WELCOME TO THE MOST SPECTACULAR DEVELOPMENT IN CANCUN AND ALL MEXICO<\/h1>\t\t\t\t<\/div>\n\t\t\t\t<\/div>\n\t\t\t\t<div class=\"elementor-element elementor-element-868058f elementor-widget__width-initial elementor-widget elementor-widget-text-editor\" data-id=\"868058f\" data-element_type=\"widget\" data-widget_type=\"text-editor.default\">\n\t\t\t\t<div class=\"elementor-widget-container\">\n\t\t\t\t\t\t\t\t\t<p>CREATED BY TIERRA Y ARMON\u00cdA, WITH OVER 50 YEARS OF EXPERIENCE CREATING PLANNED COMMUNITIES CONNECTING LIVES AND DREAMS, AND HAND-TO-HAND WITH DESIGNERS ARTIGAS ARQUITECTOS, THAT FOR OVER 80 YEARS HAVE PURSUED THE PERFECT BALANCE BETWEEN BEAUTY AND FUNCTIONALITY.<\/p>\t\t\t\t\t\t\t\t<\/div>\n\t\t\t\t<\/div>\n\t\t<div class=\"elementor-element elementor-element-1f917e2 e-con-full e-flex lakit-col-width-auto-no e-container e-con e-child\" data-id=\"1f917e2\" data-element_type=\"container\">\n\t\t<div class=\"elementor-element elementor-element-c6e33cf e-con-full e-flex lakit-col-width-auto-no e-container e-con e-child\" data-id=\"c6e33cf\" data-element_type=\"container\">\n\t\t\t\t<div class=\"elementor-element elementor-element-c1026ad elementor-widget elementor-widget-eael-creative-button\" data-id=\"c1026ad\" data-element_type=\"widget\" data-widget_type=\"eael-creative-button.default\">\n\t\t\t\t<div class=\"elementor-widget-container\">\n\t\t\t\t\t        <div class=\"eael-creative-button-wrapper\">\n\n            <a class=\"eael-creative-button eael-creative-button--default\" href=\"https:\/\/www.kulkana.mx\/en\/inicio-casas\/\" data-text=\"\">\n            \t    \n                <div class=\"creative-button-inner\">\n\n                    \n                    <span class=\"cretive-button-text\">INFORMATION ABOUT <br><b>HOUSES AND APARTMENTS<\/b><\/span>\n\n                                    <\/div>\n\t                        <\/a>\n        <\/div>\n        \t\t\t\t<\/div>\n\t\t\t\t<\/div>\n\t\t\t\t<\/div>\n\t\t<div class=\"elementor-element elementor-element-a8bfa8e e-con-full e-flex lakit-col-width-auto-no e-container e-con e-child\" data-id=\"a8bfa8e\" data-element_type=\"container\">\n\t\t\t\t<div class=\"elementor-element elementor-element-a99a0d4 elementor-widget elementor-widget-eael-creative-button\" data-id=\"a99a0d4\" data-element_type=\"widget\" data-widget_type=\"eael-creative-button.default\">\n\t\t\t\t<div class=\"elementor-widget-container\">\n\t\t\t\t\t        <div class=\"eael-creative-button-wrapper\">\n\n            <a class=\"eael-creative-button eael-creative-button--default\" href=\"https:\/\/www.kulkana.mx\/en\/inicio-terrenos\/\" data-text=\"\">\n            \t    \n                <div class=\"creative-button-inner\">\n\n                    \n                    <span class=\"cretive-button-text\">INFORMATION ABOUT <br><b>LAND AND COMMERCIAL LOTS<\/b><\/span>\n\n                                    <\/div>\n\t                        <\/a>\n        <\/div>\n        \t\t\t\t<\/div>\n\t\t\t\t<\/div>\n\t\t\t\t<\/div>\n\t\t\t\t<\/div>\n\t\t\t\t<div class=\"elementor-element elementor-element-15e7b33 elementor-hidden-mobile_extra elementor-hidden-mobile elementor-widget elementor-widget-spacer\" data-id=\"15e7b33\" data-element_type=\"widget\" data-widget_type=\"spacer.default\">\n\t\t\t\t<div class=\"elementor-widget-container\">\n\t\t\t\t\t\t\t<div class=\"elementor-spacer\">\n\t\t\t<div class=\"elementor-spacer-inner\"><\/div>\n\t\t<\/div>\n\t\t\t\t\t\t<\/div>\n\t\t\t\t<\/div>\n\t\t<div class=\"elementor-element elementor-element-bf3dd18 e-flex e-con-boxed lakit-col-width-auto-no e-container e-con e-child\" data-id=\"bf3dd18\" data-element_type=\"container\">\n\t\t\t\t\t<div class=\"e-con-inner\">\n\t\t<div class=\"elementor-element elementor-element-ea3366f e-con-full e-flex lakit-col-width-auto-no e-container e-con e-child\" data-id=\"ea3366f\" data-element_type=\"container\">\n\t\t\t\t<div class=\"elementor-element elementor-element-0b89f1c elementor-widget__width-auto elementor-widget elementor-widget-text-editor\" data-id=\"0b89f1c\" data-element_type=\"widget\" data-widget_type=\"text-editor.default\">\n\t\t\t\t<div class=\"elementor-widget-container\">\n\t\t\t\t\t\t\t\t\t<p>DESIGNED BY<\/p>\t\t\t\t\t\t\t\t<\/div>\n\t\t\t\t<\/div>\n\t\t\t\t<div class=\"elementor-element elementor-element-0f790b7 elementor-widget elementor-widget-image\" data-id=\"0f790b7\" data-element_type=\"widget\" data-widget_type=\"image.default\">\n\t\t\t\t<div class=\"elementor-widget-container\">\n\t\t\t\t\t\t\t\t\t\t\t\t\t\t\t<img decoding=\"async\" width=\"144\" height=\"88\" src=\"https:\/\/www.kulkana.mx\/wp-content\/uploads\/2024\/12\/logo-artigas.png\" class=\"attachment-full size-full wp-image-2418\" alt=\"\" \/>\t\t\t\t\t\t\t\t\t\t\t\t\t\t\t<\/div>\n\t\t\t\t<\/div>\n\t\t\t\t<\/div>\n\t\t<div class=\"elementor-element elementor-element-eefd9ab e-con-full e-flex lakit-col-width-auto-no e-container e-con e-child\" data-id=\"eefd9ab\" data-element_type=\"container\">\n\t\t\t\t<div class=\"elementor-element elementor-element-14f2bc5 elementor-widget__width-auto elementor-widget elementor-widget-text-editor\" data-id=\"14f2bc5\" data-element_type=\"widget\" data-widget_type=\"text-editor.default\">\n\t\t\t\t<div class=\"elementor-widget-container\">\n\t\t\t\t\t\t\t\t\t<p>A CREATION OF<\/p>\t\t\t\t\t\t\t\t<\/div>\n\t\t\t\t<\/div>\n\t\t\t\t<div class=\"elementor-element elementor-element-cad14da elementor-widget elementor-widget-image\" data-id=\"cad14da\" data-element_type=\"widget\" data-widget_type=\"image.default\">\n\t\t\t\t<div class=\"elementor-widget-container\">\n\t\t\t\t\t\t\t\t\t\t\t\t\t\t\t<img decoding=\"async\" width=\"144\" height=\"88\" src=\"https:\/\/www.kulkana.mx\/wp-content\/uploads\/2024\/12\/logo-tya.png\" class=\"attachment-full size-full wp-image-2419\" alt=\"\" \/>\t\t\t\t\t\t\t\t\t\t\t\t\t\t\t<\/div>\n\t\t\t\t<\/div>\n\t\t\t\t<\/div>\n\t\t\t\t\t<\/div>\n\t\t\t\t<\/div>\n\t\t\t\t\t<\/div>\n\t\t\t\t<\/div>\n\t\t\t\t<\/div>","protected":false},"excerpt":{"rendered":"<p>BIENVENIDOS AL DESARROLLO M\u00c1S ESPECTACULAR DE CANC\u00daN Y DE M\u00c9XICO CREADO POR TIERRA Y ARMONIA, EMPRESA CON MAS DE 50 A\u00d1OS DE EXPERIENCIA CREANDO COMUNIDADES PLANEADAS QUE CONECTAN VIDAS Y SUE\u00d1OS Y DE LA MANO DEL DISE\u00d1O DE ARTIGAS ARQUITECTOS, DESPACHO QUE POR MAS DE 80 A\u00d1OS HA BUSCADO EL BALANCE&hellip;<\/p>","protected":false},"author":1,"featured_media":0,"parent":0,"menu_order":0,"comment_status":"closed","ping_status":"closed","template":"","meta":{"footnotes":""},"class_list":["post-2160","page","type-page","status-publish","hentry"],"yoast_head":"<!-- This site is optimized with the Yoast SEO plugin v26.3 - https:\/\/yoast.com\/wordpress\/plugins\/seo\/ -->\n<title>Inicio - Kulkana<\/title>\n<meta name=\"robots\" content=\"index, follow, max-snippet:-1, max-image-preview:large, max-video-preview:-1\" \/>\n<link rel=\"canonical\" href=\"https:\/\/www.kulkana.mx\/en\/\" \/>\n<meta property=\"og:locale\" content=\"en_US\" \/>\n<meta property=\"og:type\" content=\"article\" \/>\n<meta property=\"og:title\" content=\"Inicio - Kulkana\" \/>\n<meta property=\"og:description\" content=\"BIENVENIDOS AL DESARROLLO M\u00c1S ESPECTACULAR DE CANC\u00daN Y DE M\u00c9XICO CREADO POR TIERRA Y ARMONIA, EMPRESA CON MAS DE 50 A\u00d1OS DE EXPERIENCIA CREANDO COMUNIDADES PLANEADAS QUE CONECTAN VIDAS Y SUE\u00d1OS Y DE LA MANO DEL DISE\u00d1O DE ARTIGAS ARQUITECTOS, DESPACHO QUE POR MAS DE 80 A\u00d1OS HA BUSCADO EL BALANCE&hellip;\" \/>\n<meta property=\"og:url\" content=\"https:\/\/www.kulkana.mx\/en\/\" \/>\n<meta property=\"og:site_name\" content=\"Kulkana\" \/>\n<meta property=\"article:modified_time\" content=\"2025-12-02T22:03:05+00:00\" \/>\n<meta property=\"og:image\" content=\"https:\/\/www.kulkana.mx\/wp-content\/uploads\/2024\/12\/logo-blanco.png\" \/>\n\t<meta property=\"og:image:width\" content=\"258\" \/>\n\t<meta property=\"og:image:height\" content=\"125\" \/>\n\t<meta property=\"og:image:type\" content=\"image\/png\" \/>\n<meta name=\"twitter:card\" content=\"summary_large_image\" \/>\n<meta name=\"twitter:label1\" content=\"Est. reading time\" \/>\n\t<meta name=\"twitter:data1\" content=\"1 minute\" \/>\n<script type=\"application\/ld+json\" class=\"yoast-schema-graph\">{\"@context\":\"https:\/\/schema.org\",\"@graph\":[{\"@type\":\"WebPage\",\"@id\":\"https:\/\/www.kulkana.mx\/\",\"url\":\"https:\/\/www.kulkana.mx\/\",\"name\":\"Inicio - Kulkana\",\"isPartOf\":{\"@id\":\"https:\/\/www.kulkana.mx\/#website\"},\"primaryImageOfPage\":{\"@id\":\"https:\/\/www.kulkana.mx\/#primaryimage\"},\"image\":{\"@id\":\"https:\/\/www.kulkana.mx\/#primaryimage\"},\"thumbnailUrl\":\"https:\/\/www.kulkana.mx\/wp-content\/uploads\/2024\/12\/logo-blanco.png\",\"datePublished\":\"2023-08-14T02:37:01+00:00\",\"dateModified\":\"2025-12-02T22:03:05+00:00\",\"breadcrumb\":{\"@id\":\"https:\/\/www.kulkana.mx\/#breadcrumb\"},\"inLanguage\":\"en-US\",\"potentialAction\":[{\"@type\":\"ReadAction\",\"target\":[\"https:\/\/www.kulkana.mx\/\"]}]},{\"@type\":\"ImageObject\",\"inLanguage\":\"en-US\",\"@id\":\"https:\/\/www.kulkana.mx\/#primaryimage\",\"url\":\"https:\/\/www.kulkana.mx\/wp-content\/uploads\/2024\/12\/logo-blanco.png\",\"contentUrl\":\"https:\/\/www.kulkana.mx\/wp-content\/uploads\/2024\/12\/logo-blanco.png\"},{\"@type\":\"BreadcrumbList\",\"@id\":\"https:\/\/www.kulkana.mx\/#breadcrumb\",\"itemListElement\":[{\"@type\":\"ListItem\",\"position\":1,\"name\":\"Inicio\",\"item\":\"https:\/\/www.kulkana.mx\/\"},{\"@type\":\"ListItem\",\"position\":2,\"name\":\"Inicio\"}]},{\"@type\":\"WebSite\",\"@id\":\"https:\/\/www.kulkana.mx\/#website\",\"url\":\"https:\/\/www.kulkana.mx\/\",\"name\":\"Kulkana\",\"description\":\"Casas, Departamentos y Terrenos\",\"potentialAction\":[{\"@type\":\"SearchAction\",\"target\":{\"@type\":\"EntryPoint\",\"urlTemplate\":\"https:\/\/www.kulkana.mx\/?s={search_term_string}\"},\"query-input\":{\"@type\":\"PropertyValueSpecification\",\"valueRequired\":true,\"valueName\":\"search_term_string\"}}],\"inLanguage\":\"en-US\"}]}<\/script>\n<!-- \/ Yoast SEO plugin. -->","yoast_head_json":{"title":"Inicio - Kulkana","robots":{"index":"index","follow":"follow","max-snippet":"max-snippet:-1","max-image-preview":"max-image-preview:large","max-video-preview":"max-video-preview:-1"},"canonical":"https:\/\/www.kulkana.mx\/en\/","og_locale":"en_US","og_type":"article","og_title":"Inicio - Kulkana","og_description":"BIENVENIDOS AL DESARROLLO M\u00c1S ESPECTACULAR DE CANC\u00daN Y DE M\u00c9XICO CREADO POR TIERRA Y ARMONIA, EMPRESA CON MAS DE 50 A\u00d1OS DE EXPERIENCIA CREANDO COMUNIDADES PLANEADAS QUE CONECTAN VIDAS Y SUE\u00d1OS Y DE LA MANO DEL DISE\u00d1O DE ARTIGAS ARQUITECTOS, DESPACHO QUE POR MAS DE 80 A\u00d1OS HA BUSCADO EL BALANCE&hellip;","og_url":"https:\/\/www.kulkana.mx\/en\/","og_site_name":"Kulkana","article_modified_time":"2025-12-02T22:03:05+00:00","og_image":[{"width":258,"height":125,"url":"https:\/\/www.kulkana.mx\/wp-content\/uploads\/2024\/12\/logo-blanco.png","type":"image\/png"}],"twitter_card":"summary_large_image","twitter_misc":{"Est. reading time":"1 minute"},"schema":{"@context":"https:\/\/schema.org","@graph":[{"@type":"WebPage","@id":"https:\/\/www.kulkana.mx\/","url":"https:\/\/www.kulkana.mx\/","name":"Inicio - Kulkana","isPartOf":{"@id":"https:\/\/www.kulkana.mx\/#website"},"primaryImageOfPage":{"@id":"https:\/\/www.kulkana.mx\/#primaryimage"},"image":{"@id":"https:\/\/www.kulkana.mx\/#primaryimage"},"thumbnailUrl":"https:\/\/www.kulkana.mx\/wp-content\/uploads\/2024\/12\/logo-blanco.png","datePublished":"2023-08-14T02:37:01+00:00","dateModified":"2025-12-02T22:03:05+00:00","breadcrumb":{"@id":"https:\/\/www.kulkana.mx\/#breadcrumb"},"inLanguage":"en-US","potentialAction":[{"@type":"ReadAction","target":["https:\/\/www.kulkana.mx\/"]}]},{"@type":"ImageObject","inLanguage":"en-US","@id":"https:\/\/www.kulkana.mx\/#primaryimage","url":"https:\/\/www.kulkana.mx\/wp-content\/uploads\/2024\/12\/logo-blanco.png","contentUrl":"https:\/\/www.kulkana.mx\/wp-content\/uploads\/2024\/12\/logo-blanco.png"},{"@type":"BreadcrumbList","@id":"https:\/\/www.kulkana.mx\/#breadcrumb","itemListElement":[{"@type":"ListItem","position":1,"name":"Inicio","item":"https:\/\/www.kulkana.mx\/"},{"@type":"ListItem","position":2,"name":"Inicio"}]},{"@type":"WebSite","@id":"https:\/\/www.kulkana.mx\/#website","url":"https:\/\/www.kulkana.mx\/","name":"Kulkana","description":"Casas, Departamentos y Terrenos","potentialAction":[{"@type":"SearchAction","target":{"@type":"EntryPoint","urlTemplate":"https:\/\/www.kulkana.mx\/?s={search_term_string}"},"query-input":{"@type":"PropertyValueSpecification","valueRequired":true,"valueName":"search_term_string"}}],"inLanguage":"en-US"}]}},"_links":{"self":[{"href":"https:\/\/www.kulkana.mx\/en\/wp-json\/wp\/v2\/pages\/2160","targetHints":{"allow":["GET"]}}],"collection":[{"href":"https:\/\/www.kulkana.mx\/en\/wp-json\/wp\/v2\/pages"}],"about":[{"href":"https:\/\/www.kulkana.mx\/en\/wp-json\/wp\/v2\/types\/page"}],"author":[{"embeddable":true,"href":"https:\/\/www.kulkana.mx\/en\/wp-json\/wp\/v2\/users\/1"}],"replies":[{"embeddable":true,"href":"https:\/\/www.kulkana.mx\/en\/wp-json\/wp\/v2\/comments?post=2160"}],"version-history":[{"count":0,"href":"https:\/\/www.kulkana.mx\/en\/wp-json\/wp\/v2\/pages\/2160\/revisions"}],"wp:attachment":[{"href":"https:\/\/www.kulkana.mx\/en\/wp-json\/wp\/v2\/media?parent=2160"}],"curies":[{"name":"wp","href":"https:\/\/api.w.org\/{rel}","templated":true}]}}